{"id":106,"date":"2021-03-18T15:20:15","date_gmt":"2021-03-18T15:20:15","guid":{"rendered":"http:\/\/juristconsult.md\/?page_id=106"},"modified":"2021-03-18T15:20:15","modified_gmt":"2021-03-18T15:20:15","slug":"7-litigii-familiale","status":"publish","type":"page","link":"http:\/\/juristconsult.md\/index.php\/7-litigii-familiale\/","title":{"rendered":"7. LITIGII FAMILIALE"},"content":{"rendered":"<p>[et_pb_section fb_built=&#8221;1&#8243; _builder_version=&#8221;4.4.6&#8243;][et_pb_row column_structure=&#8221;2_5,3_5&#8243; _builder_version=&#8221;4.4.6&#8243; hover_enabled=&#8221;0&#8243; saved_tabs=&#8221;all&#8221;][et_pb_column type=&#8221;2_5&#8243; _builder_version=&#8221;4.4.6&#8243;][et_pb_image src=&#8221;http:\/\/juristconsult.md\/wp-content\/uploads\/2021\/03\/7-litigii-f.jpg&#8221; title_text=&#8221;7 litigii f&#8221; _builder_version=&#8221;4.4.6&#8243; hover_enabled=&#8221;0&#8243; border_radii=&#8221;on|20px|20px|20px|20px&#8221; box_shadow_style=&#8221;preset3&#8243;][\/et_pb_image][\/et_pb_column][et_pb_column type=&#8221;3_5&#8243; _builder_version=&#8221;4.4.6&#8243;][et_pb_text _builder_version=&#8221;4.4.6&#8243; text_font=&#8221;||||||||&#8221; text_font_size=&#8221;18px&#8221; background_color=&#8221;rgba(0,0,0,0)&#8221; text_orientation=&#8221;justified&#8221; custom_margin=&#8221;||||true|false&#8221; animation_style=&#8221;slide&#8221; hover_enabled=&#8221;0&#8243;]<\/p>\n<h2><strong><em>LITIGII FAMILIALE<\/em><\/strong><\/h2>\n<p>Disputele de familie sunt dificile din punct de vedere emo\u021bional pentru participan\u021bi. Este greu s\u0103 r\u0103m\u00e2i rece \u0219i s\u0103 iei deciziile corecte atunci c\u00e2nd vine vorba de divor\u021b, \u00eemp\u0103r\u021birea propriet\u0103\u021bii sau capacitatea de a interac\u021biona cu copiii.<\/p>\n<p>Asisten\u021ba calificat\u0103 a speciali\u0219tilor <strong><em>\u201dK\u201d<\/em><\/strong> v\u0103 va oferi posibilitatea de a g\u0103si cu calm o solu\u021bie de compromis la problem\u0103, indiferent de situa\u021bie.<\/p>\n<p>[\/et_pb_text][et_pb_button button_text=&#8221;Contacteaz\u0103-ne acum!&#8221; _builder_version=&#8221;4.4.6&#8243;][\/et_pb_button][\/et_pb_column][\/et_pb_row][\/et_pb_section]<\/p>\n","protected":false},"excerpt":{"rendered":"<p>[et_pb_section fb_built=&#8221;1&#8243; _builder_version=&#8221;4.4.6&#8243;][et_pb_row column_structure=&#8221;2_5,3_5&#8243; _builder_version=&#8221;4.4.6&#8243; hover_enabled=&#8221;0&#8243; saved_tabs=&#8221;all&#8221;][et_pb_column type=&#8221;2_5&#8243; _builder_version=&#8221;4.4.6&#8243;][et_pb_image src=&#8221;http:\/\/juristconsult.md\/wp-content\/uploads\/2021\/03\/7-litigii-f.jpg&#8221; title_text=&#8221;7 litigii f&#8221; _builder_version=&#8221;4.4.6&#8243; hover_enabled=&#8221;0&#8243; border_radii=&#8221;on|20px|20px|20px|20px&#8221; box_shadow_style=&#8221;preset3&#8243;][\/et_pb_image][\/et_pb_column][et_pb_column type=&#8221;3_5&#8243; _builder_version=&#8221;4.4.6&#8243;][et_pb_text _builder_version=&#8221;4.4.6&#8243; text_font=&#8221;||||||||&#8221; text_font_size=&#8221;18px&#8221; background_color=&#8221;rgba(0,0,0,0)&#8221; text_orientation=&#8221;justified&#8221; custom_margin=&#8221;||||true|false&#8221; animation_style=&#8221;slide&#8221; hover_enabled=&#8221;0&#8243;] LITIGII FAMILIALE Disputele de familie sunt dificile din punct de vedere emo\u021bional pentru participan\u021bi. Este greu s\u0103 r\u0103m\u00e2i rece \u0219i s\u0103 iei deciziile corecte atunci c\u00e2nd vine vorba [&hellip;]<\/p>\n","protected":false},"author":1,"featured_media":0,"parent":0,"menu_order":0,"comment_status":"closed","ping_status":"closed","template":"","meta":{"_et_pb_use_builder":"on","_et_pb_old_content":"","_et_gb_content_width":"","footnotes":""},"class_list":["post-106","page","type-page","status-publish","hentry"],"_links":{"self":[{"href":"http:\/\/juristconsult.md\/index.php\/wp-json\/wp\/v2\/pages\/106","targetHints":{"allow":["GET"]}}],"collection":[{"href":"http:\/\/juristconsult.md\/index.php\/wp-json\/wp\/v2\/pages"}],"about":[{"href":"http:\/\/juristconsult.md\/index.php\/wp-json\/wp\/v2\/types\/page"}],"author":[{"embeddable":true,"href":"http:\/\/juristconsult.md\/index.php\/wp-json\/wp\/v2\/users\/1"}],"replies":[{"embeddable":true,"href":"http:\/\/juristconsult.md\/index.php\/wp-json\/wp\/v2\/comments?post=106"}],"version-history":[{"count":2,"href":"http:\/\/juristconsult.md\/index.php\/wp-json\/wp\/v2\/pages\/106\/revisions"}],"predecessor-version":[{"id":110,"href":"http:\/\/juristconsult.md\/index.php\/wp-json\/wp\/v2\/pages\/106\/revisions\/110"}],"wp:attachment":[{"href":"http:\/\/juristconsult.md\/index.php\/wp-json\/wp\/v2\/media?parent=106"}],"curies":[{"name":"wp","href":"https:\/\/api.w.org\/{rel}","templated":true}]}}