{"id":111,"date":"2021-03-18T15:23:59","date_gmt":"2021-03-18T15:23:59","guid":{"rendered":"http:\/\/juristconsult.md\/?page_id=111"},"modified":"2021-03-18T15:24:05","modified_gmt":"2021-03-18T15:24:05","slug":"8-mostenirea-2","status":"publish","type":"page","link":"http:\/\/juristconsult.md\/index.php\/8-mostenirea-2\/","title":{"rendered":"8. MO\u0218TENIREA"},"content":{"rendered":"<p>[et_pb_section fb_built=&#8221;1&#8243; _builder_version=&#8221;4.4.6&#8243;][et_pb_row column_structure=&#8221;2_5,3_5&#8243; _builder_version=&#8221;4.4.6&#8243; saved_tabs=&#8221;all&#8221;][et_pb_column type=&#8221;2_5&#8243; _builder_version=&#8221;4.4.6&#8243;][et_pb_image src=&#8221;http:\/\/juristconsult.md\/wp-content\/uploads\/2021\/03\/8-mostenirea.jpg&#8221; title_text=&#8221;8 mostenirea&#8221; _builder_version=&#8221;4.4.6&#8243; hover_enabled=&#8221;0&#8243; border_radii=&#8221;on|20px|20px|20px|20px&#8221; box_shadow_style=&#8221;preset3&#8243;][\/et_pb_image][\/et_pb_column][et_pb_column type=&#8221;3_5&#8243; _builder_version=&#8221;4.4.6&#8243;][et_pb_text _builder_version=&#8221;4.4.6&#8243; text_font=&#8221;||||||||&#8221; text_font_size=&#8221;18px&#8221; background_color=&#8221;rgba(0,0,0,0)&#8221; text_orientation=&#8221;justified&#8221; custom_margin=&#8221;||||true|false&#8221; animation_style=&#8221;slide&#8221; hover_enabled=&#8221;0&#8243;]<\/p>\n<h2><strong><em>MO\u0218TENIREA<\/em><\/strong><\/h2>\n<p>Exist\u0103 o mul\u021bime de \u00eentreb\u0103ri care apar atunci c\u00e2nd se \u00eenregistreaz\u0103 o mo\u0219tenire pentru proprietate. Pentru ca procesul de mo\u0219tenire s\u0103 se desf\u0103\u0219oare f\u0103r\u0103 probleme, trebuie s\u0103 face\u021bi totul bine din punctul de vedere al legii.<\/p>\n<p>Unul dintre cele mai frecvente litigii juridice sunt litigiile legate de mo\u0219tenire. Sunt destul de complexe, necesit\u0103 preg\u0103tirea unei baze de dovezi \u0219i capacitatea de a r\u0103spunde rapid la ac\u021biunile adversarului t\u0103u. \u0218i, dac\u0103 nu dori\u021bi s\u0103 pierde\u021bi o parte din mo\u0219tenirea care vi se datoreaz\u0103, ave\u021bi \u00eencredere \u00een profesioni\u0219tii <strong><em>\u201dK\u201d<\/em><\/strong>.<\/p>\n<p>De asemenea, exper\u021bii no\u0219tri v\u0103 vor ajuta cu urm\u0103toarele \u00eentreb\u0103ri:<\/p>\n<ul>\n<li>\u00eenregistrarea mo\u0219tenirii;<\/li>\n<li>acceptarea mo\u0219tenirii dup\u0103 o perioad\u0103 specificat\u0103;<\/li>\n<li>contestarea testamentului;<\/li>\n<\/ul>\n<p>[\/et_pb_text][et_pb_button button_text=&#8221;Contacteaz\u0103-ne acum!&#8221; _builder_version=&#8221;4.4.6&#8243;][\/et_pb_button][\/et_pb_column][\/et_pb_row][\/et_pb_section]<\/p>\n","protected":false},"excerpt":{"rendered":"<p>[et_pb_section fb_built=&#8221;1&#8243; _builder_version=&#8221;4.4.6&#8243;][et_pb_row column_structure=&#8221;2_5,3_5&#8243; _builder_version=&#8221;4.4.6&#8243; saved_tabs=&#8221;all&#8221;][et_pb_column type=&#8221;2_5&#8243; _builder_version=&#8221;4.4.6&#8243;][et_pb_image src=&#8221;http:\/\/juristconsult.md\/wp-content\/uploads\/2021\/03\/8-mostenirea.jpg&#8221; title_text=&#8221;8 mostenirea&#8221; _builder_version=&#8221;4.4.6&#8243; hover_enabled=&#8221;0&#8243; border_radii=&#8221;on|20px|20px|20px|20px&#8221; box_shadow_style=&#8221;preset3&#8243;][\/et_pb_image][\/et_pb_column][et_pb_column type=&#8221;3_5&#8243; _builder_version=&#8221;4.4.6&#8243;][et_pb_text _builder_version=&#8221;4.4.6&#8243; text_font=&#8221;||||||||&#8221; text_font_size=&#8221;18px&#8221; background_color=&#8221;rgba(0,0,0,0)&#8221; text_orientation=&#8221;justified&#8221; custom_margin=&#8221;||||true|false&#8221; animation_style=&#8221;slide&#8221; hover_enabled=&#8221;0&#8243;] MO\u0218TENIREA Exist\u0103 o mul\u021bime de \u00eentreb\u0103ri care apar atunci c\u00e2nd se \u00eenregistreaz\u0103 o mo\u0219tenire pentru proprietate. Pentru ca procesul de mo\u0219tenire s\u0103 se desf\u0103\u0219oare f\u0103r\u0103 probleme, trebuie s\u0103 face\u021bi totul [&hellip;]<\/p>\n","protected":false},"author":1,"featured_media":0,"parent":0,"menu_order":0,"comment_status":"closed","ping_status":"closed","template":"","meta":{"_et_pb_use_builder":"on","_et_pb_old_content":"","_et_gb_content_width":"","footnotes":""},"class_list":["post-111","page","type-page","status-publish","hentry"],"_links":{"self":[{"href":"http:\/\/juristconsult.md\/index.php\/wp-json\/wp\/v2\/pages\/111","targetHints":{"allow":["GET"]}}],"collection":[{"href":"http:\/\/juristconsult.md\/index.php\/wp-json\/wp\/v2\/pages"}],"about":[{"href":"http:\/\/juristconsult.md\/index.php\/wp-json\/wp\/v2\/types\/page"}],"author":[{"embeddable":true,"href":"http:\/\/juristconsult.md\/index.php\/wp-json\/wp\/v2\/users\/1"}],"replies":[{"embeddable":true,"href":"http:\/\/juristconsult.md\/index.php\/wp-json\/wp\/v2\/comments?post=111"}],"version-history":[{"count":2,"href":"http:\/\/juristconsult.md\/index.php\/wp-json\/wp\/v2\/pages\/111\/revisions"}],"predecessor-version":[{"id":115,"href":"http:\/\/juristconsult.md\/index.php\/wp-json\/wp\/v2\/pages\/111\/revisions\/115"}],"wp:attachment":[{"href":"http:\/\/juristconsult.md\/index.php\/wp-json\/wp\/v2\/media?parent=111"}],"curies":[{"name":"wp","href":"https:\/\/api.w.org\/{rel}","templated":true}]}}