{"id":127,"date":"2021-03-18T15:46:05","date_gmt":"2021-03-18T15:46:05","guid":{"rendered":"http:\/\/juristconsult.md\/?page_id=127"},"modified":"2021-03-18T15:46:05","modified_gmt":"2021-03-18T15:46:05","slug":"11-asistenta-juridica-lunara-a-activitatii-zilnice-a-companiei","status":"publish","type":"page","link":"http:\/\/juristconsult.md\/index.php\/11-asistenta-juridica-lunara-a-activitatii-zilnice-a-companiei\/","title":{"rendered":"11. ASISTEN\u021aA JURIDIC\u0102 LUNAR\u0102 A ACTIVIT\u0102\u021aII ZILNICE A COMPANIEI"},"content":{"rendered":"<p>[et_pb_section fb_built=&#8221;1&#8243; _builder_version=&#8221;4.4.6&#8243;][et_pb_row column_structure=&#8221;2_5,3_5&#8243; _builder_version=&#8221;4.4.6&#8243; saved_tabs=&#8221;all&#8221;][et_pb_column type=&#8221;2_5&#8243; _builder_version=&#8221;4.4.6&#8243;][et_pb_image src=&#8221;http:\/\/juristconsult.md\/wp-content\/uploads\/2021\/03\/11-asistenta-juridica-companie.jpg&#8221; title_text=&#8221;11 asistenta juridica companie&#8221; _builder_version=&#8221;4.4.6&#8243; hover_enabled=&#8221;0&#8243; border_radii=&#8221;on|20px|20px|20px|20px&#8221; box_shadow_style=&#8221;preset3&#8243;][\/et_pb_image][\/et_pb_column][et_pb_column type=&#8221;3_5&#8243; _builder_version=&#8221;4.4.6&#8243;][et_pb_text _builder_version=&#8221;4.4.6&#8243; text_font=&#8221;||||||||&#8221; text_font_size=&#8221;18px&#8221; background_color=&#8221;rgba(0,0,0,0)&#8221; text_orientation=&#8221;justified&#8221; custom_margin=&#8221;||||false|false&#8221; animation_style=&#8221;slide&#8221; hover_enabled=&#8221;0&#8243;]<\/p>\n<h2 style=\"text-align: left;\"><strong><em>ASISTEN\u021aA JURIDIC\u0102 LUNAR\u0102 A ACTIVIT\u0102\u021aII ZILNICE A COMPANIEI<\/em> <\/strong><\/h2>\n<p>Sfera activit\u0103\u021bii antreprenoriale este reglementat\u0103 de legisla\u021bia civil\u0103, fiscal\u0103, muncii, funciar\u0103 \u0219i financiar\u0103 a Republicii Moldova. O astfel de versatilitate a reglement\u0103rii legale d\u0103 na\u0219tere unui num\u0103r mare de probleme, multe dintre ele fiind controversate \u0219i este extrem de dificil s\u0103 le rezolvi f\u0103r\u0103 ajutorul unui avocat.<\/p>\n<p>Speciali\u0219tii <strong><em>\u201dK\u201d<\/em><\/strong> v\u0103 vor ajuta s\u0103 \u00eenregistra\u021bi o afacere, s\u0103 alege\u021bi un sistem fiscal, s\u0103 trimite\u021bi rapoarte, s\u0103 explica\u021bi toate aspectele pozitive \u0219i negative ale activit\u0103\u021bilor din punctul de vedere al legii, s\u0103 v\u0103 sf\u0103tui\u021bi cum s\u0103 \u00eenchide\u021bi corect o afacere.<\/p>\n<p>[\/et_pb_text][et_pb_button button_text=&#8221;Contacteaz\u0103-ne acum!&#8221; _builder_version=&#8221;4.4.6&#8243;][\/et_pb_button][\/et_pb_column][\/et_pb_row][\/et_pb_section]<\/p>\n","protected":false},"excerpt":{"rendered":"<p>[et_pb_section fb_built=&#8221;1&#8243; _builder_version=&#8221;4.4.6&#8243;][et_pb_row column_structure=&#8221;2_5,3_5&#8243; _builder_version=&#8221;4.4.6&#8243; saved_tabs=&#8221;all&#8221;][et_pb_column type=&#8221;2_5&#8243; _builder_version=&#8221;4.4.6&#8243;][et_pb_image src=&#8221;http:\/\/juristconsult.md\/wp-content\/uploads\/2021\/03\/11-asistenta-juridica-companie.jpg&#8221; title_text=&#8221;11 asistenta juridica companie&#8221; _builder_version=&#8221;4.4.6&#8243; hover_enabled=&#8221;0&#8243; border_radii=&#8221;on|20px|20px|20px|20px&#8221; box_shadow_style=&#8221;preset3&#8243;][\/et_pb_image][\/et_pb_column][et_pb_column type=&#8221;3_5&#8243; _builder_version=&#8221;4.4.6&#8243;][et_pb_text _builder_version=&#8221;4.4.6&#8243; text_font=&#8221;||||||||&#8221; text_font_size=&#8221;18px&#8221; background_color=&#8221;rgba(0,0,0,0)&#8221; text_orientation=&#8221;justified&#8221; custom_margin=&#8221;||||false|false&#8221; animation_style=&#8221;slide&#8221; hover_enabled=&#8221;0&#8243;] ASISTEN\u021aA JURIDIC\u0102 LUNAR\u0102 A ACTIVIT\u0102\u021aII ZILNICE A COMPANIEI Sfera activit\u0103\u021bii antreprenoriale este reglementat\u0103 de legisla\u021bia civil\u0103, fiscal\u0103, muncii, funciar\u0103 \u0219i financiar\u0103 a Republicii Moldova. O astfel de versatilitate [&hellip;]<\/p>\n","protected":false},"author":1,"featured_media":0,"parent":0,"menu_order":0,"comment_status":"closed","ping_status":"closed","template":"","meta":{"_et_pb_use_builder":"on","_et_pb_old_content":"","_et_gb_content_width":"","footnotes":""},"class_list":["post-127","page","type-page","status-publish","hentry"],"_links":{"self":[{"href":"http:\/\/juristconsult.md\/index.php\/wp-json\/wp\/v2\/pages\/127","targetHints":{"allow":["GET"]}}],"collection":[{"href":"http:\/\/juristconsult.md\/index.php\/wp-json\/wp\/v2\/pages"}],"about":[{"href":"http:\/\/juristconsult.md\/index.php\/wp-json\/wp\/v2\/types\/page"}],"author":[{"embeddable":true,"href":"http:\/\/juristconsult.md\/index.php\/wp-json\/wp\/v2\/users\/1"}],"replies":[{"embeddable":true,"href":"http:\/\/juristconsult.md\/index.php\/wp-json\/wp\/v2\/comments?post=127"}],"version-history":[{"count":2,"href":"http:\/\/juristconsult.md\/index.php\/wp-json\/wp\/v2\/pages\/127\/revisions"}],"predecessor-version":[{"id":131,"href":"http:\/\/juristconsult.md\/index.php\/wp-json\/wp\/v2\/pages\/127\/revisions\/131"}],"wp:attachment":[{"href":"http:\/\/juristconsult.md\/index.php\/wp-json\/wp\/v2\/media?parent=127"}],"curies":[{"name":"wp","href":"https:\/\/api.w.org\/{rel}","templated":true}]}}