{"id":132,"date":"2021-03-18T15:49:32","date_gmt":"2021-03-18T15:49:32","guid":{"rendered":"http:\/\/juristconsult.md\/?page_id=132"},"modified":"2021-03-18T15:49:32","modified_gmt":"2021-03-18T15:49:32","slug":"12-protectia-consumatorului-2","status":"publish","type":"page","link":"http:\/\/juristconsult.md\/index.php\/12-protectia-consumatorului-2\/","title":{"rendered":"12. PROTEC\u021aIA CONSUMATORULUI"},"content":{"rendered":"<p>[et_pb_section fb_built=&#8221;1&#8243; _builder_version=&#8221;4.4.6&#8243;][et_pb_row column_structure=&#8221;2_5,3_5&#8243; _builder_version=&#8221;4.4.6&#8243; saved_tabs=&#8221;all&#8221;][et_pb_column type=&#8221;2_5&#8243; _builder_version=&#8221;4.4.6&#8243;][et_pb_image src=&#8221;http:\/\/juristconsult.md\/wp-content\/uploads\/2021\/03\/12-protectia-consumatorului.jpg&#8221; title_text=&#8221;12 protectia consumatorului&#8221; _builder_version=&#8221;4.4.6&#8243; hover_enabled=&#8221;0&#8243; border_radii=&#8221;on|20px|20px|20px|20px&#8221; box_shadow_style=&#8221;preset3&#8243;][\/et_pb_image][\/et_pb_column][et_pb_column type=&#8221;3_5&#8243; _builder_version=&#8221;4.4.6&#8243;][et_pb_text _builder_version=&#8221;4.4.6&#8243; text_font=&#8221;||||||||&#8221; text_font_size=&#8221;18px&#8221; background_color=&#8221;rgba(0,0,0,0)&#8221; text_orientation=&#8221;justified&#8221; custom_margin=&#8221;||||false|false&#8221; animation_style=&#8221;slide&#8221; hover_enabled=&#8221;0&#8243;]<\/p>\n<h2><strong><em>PROTEC\u021aIA CONSUMATORULUI <\/em><\/strong><\/h2>\n<p>\u00cenc\u0103lcarea drepturilor consumatorilor este unul dintre cele mai presante subiecte de ast\u0103zi. Aproape \u00een fiecare zi, o persoan\u0103 se confrunt\u0103 cu aceast\u0103 problem\u0103. Unii nu observ\u0103 deloc c\u0103 drepturile lor au fost \u00eenc\u0103lcate, \u00een timp ce al\u021bii pur \u0219i simplu nu \u0219tiu s\u0103 se apere \u00een mod corespunz\u0103tor. Din p\u0103cate, tocmai pentru c\u0103 consumatorul nu are informa\u021bii despre drepturile sale, returnarea bunurilor devine o sarcin\u0103 dificil\u0103 pentru el.<\/p>\n<p>Speciali\u0219tii <strong><em>\u201dK\u201d<\/em><\/strong> v\u0103 vor oferi informa\u021bii cuprinz\u0103toare, v\u0103 vor ajuta s\u0103 returna\u021bi bunuri defecte sau s\u0103 returna\u021bi bani pentru serviciile care nu au fost prestate.<\/p>\n<p>[\/et_pb_text][et_pb_button button_text=&#8221;Contacteaz\u0103-ne acum!&#8221; _builder_version=&#8221;4.4.6&#8243;][\/et_pb_button][\/et_pb_column][\/et_pb_row][\/et_pb_section]<\/p>\n","protected":false},"excerpt":{"rendered":"<p>[et_pb_section fb_built=&#8221;1&#8243; _builder_version=&#8221;4.4.6&#8243;][et_pb_row column_structure=&#8221;2_5,3_5&#8243; _builder_version=&#8221;4.4.6&#8243; saved_tabs=&#8221;all&#8221;][et_pb_column type=&#8221;2_5&#8243; _builder_version=&#8221;4.4.6&#8243;][et_pb_image src=&#8221;http:\/\/juristconsult.md\/wp-content\/uploads\/2021\/03\/12-protectia-consumatorului.jpg&#8221; title_text=&#8221;12 protectia consumatorului&#8221; _builder_version=&#8221;4.4.6&#8243; hover_enabled=&#8221;0&#8243; border_radii=&#8221;on|20px|20px|20px|20px&#8221; box_shadow_style=&#8221;preset3&#8243;][\/et_pb_image][\/et_pb_column][et_pb_column type=&#8221;3_5&#8243; _builder_version=&#8221;4.4.6&#8243;][et_pb_text _builder_version=&#8221;4.4.6&#8243; text_font=&#8221;||||||||&#8221; text_font_size=&#8221;18px&#8221; background_color=&#8221;rgba(0,0,0,0)&#8221; text_orientation=&#8221;justified&#8221; custom_margin=&#8221;||||false|false&#8221; animation_style=&#8221;slide&#8221; hover_enabled=&#8221;0&#8243;] PROTEC\u021aIA CONSUMATORULUI \u00cenc\u0103lcarea drepturilor consumatorilor este unul dintre cele mai presante subiecte de ast\u0103zi. Aproape \u00een fiecare zi, o persoan\u0103 se confrunt\u0103 cu aceast\u0103 problem\u0103. Unii nu observ\u0103 deloc [&hellip;]<\/p>\n","protected":false},"author":1,"featured_media":0,"parent":0,"menu_order":0,"comment_status":"closed","ping_status":"closed","template":"","meta":{"_et_pb_use_builder":"on","_et_pb_old_content":"","_et_gb_content_width":"","footnotes":""},"class_list":["post-132","page","type-page","status-publish","hentry"],"_links":{"self":[{"href":"http:\/\/juristconsult.md\/index.php\/wp-json\/wp\/v2\/pages\/132","targetHints":{"allow":["GET"]}}],"collection":[{"href":"http:\/\/juristconsult.md\/index.php\/wp-json\/wp\/v2\/pages"}],"about":[{"href":"http:\/\/juristconsult.md\/index.php\/wp-json\/wp\/v2\/types\/page"}],"author":[{"embeddable":true,"href":"http:\/\/juristconsult.md\/index.php\/wp-json\/wp\/v2\/users\/1"}],"replies":[{"embeddable":true,"href":"http:\/\/juristconsult.md\/index.php\/wp-json\/wp\/v2\/comments?post=132"}],"version-history":[{"count":2,"href":"http:\/\/juristconsult.md\/index.php\/wp-json\/wp\/v2\/pages\/132\/revisions"}],"predecessor-version":[{"id":136,"href":"http:\/\/juristconsult.md\/index.php\/wp-json\/wp\/v2\/pages\/132\/revisions\/136"}],"wp:attachment":[{"href":"http:\/\/juristconsult.md\/index.php\/wp-json\/wp\/v2\/media?parent=132"}],"curies":[{"name":"wp","href":"https:\/\/api.w.org\/{rel}","templated":true}]}}