{"id":137,"date":"2021-03-18T15:54:24","date_gmt":"2021-03-18T15:54:24","guid":{"rendered":"http:\/\/juristconsult.md\/?page_id=137"},"modified":"2021-03-18T15:54:24","modified_gmt":"2021-03-18T15:54:24","slug":"13-drept-penal-2","status":"publish","type":"page","link":"http:\/\/juristconsult.md\/index.php\/13-drept-penal-2\/","title":{"rendered":"13. DREPT PENAL"},"content":{"rendered":"<p>[et_pb_section fb_built=&#8221;1&#8243; _builder_version=&#8221;4.4.6&#8243;][et_pb_row column_structure=&#8221;2_5,3_5&#8243; _builder_version=&#8221;4.4.6&#8243; saved_tabs=&#8221;all&#8221;][et_pb_column type=&#8221;2_5&#8243; _builder_version=&#8221;4.4.6&#8243;][et_pb_image src=&#8221;http:\/\/juristconsult.md\/wp-content\/uploads\/2021\/03\/13-drept-penal.jpg&#8221; title_text=&#8221;13 drept penal&#8221; _builder_version=&#8221;4.4.6&#8243; hover_enabled=&#8221;0&#8243; border_radii=&#8221;on|20px|20px|20px|20px&#8221; box_shadow_style=&#8221;preset3&#8243;][\/et_pb_image][\/et_pb_column][et_pb_column type=&#8221;3_5&#8243; _builder_version=&#8221;4.4.6&#8243;][et_pb_text _builder_version=&#8221;4.4.6&#8243; text_font=&#8221;||||||||&#8221; text_font_size=&#8221;18px&#8221; background_color=&#8221;rgba(0,0,0,0)&#8221; text_orientation=&#8221;justified&#8221; custom_margin=&#8221;||||false|false&#8221; animation_style=&#8221;slide&#8221; hover_enabled=&#8221;0&#8243;]<\/p>\n<h2><strong><em>DREPT PENAL<\/em> <\/strong><\/h2>\n<p>\u00centr-un dosar penal, este extrem de important s\u0103 v\u0103 cunoa\u0219te\u021bi drepturile \u0219i obliga\u021biile, indiferent de statut. Ofi\u021berii de urm\u0103rire penal\u0103 au dreptul de a efectua interog\u0103ri, perchezi\u021bii, experimente de investiga\u021bie \u0219i alte ac\u021biuni \u00een timpul investiga\u021biei preliminare. Depinde de rezultatul lor dac\u0103 ve\u021bi fi implicat \u00een proceduri penale \u00een viitor. Speciali\u0219tii <strong><em>\u201dK\u201d<\/em><\/strong> au cuno\u0219tin\u021bele \u0219i abilit\u0103\u021bile profesionale necesare, prin urmare v\u0103 vor explica \u00een detaliu dispozi\u021biile legale cu privire la:<\/p>\n<ul>\n<li>ini\u021bierea \u0219i \u00eencetarea unui dosar penal;<\/li>\n<li>desf\u0103\u0219urarea ac\u021biunilor de investiga\u021bie;<\/li>\n<li>aplicarea m\u0103surilor procedurale de constr\u00e2ngere (deten\u021bie, m\u0103suri preventive etc.)<\/li>\n<li>contestarea deciziilor, ac\u021biunilor sau inac\u021biunii unui anchetator, procuror, judec\u0103tor;<\/li>\n<li>eliberarea de r\u0103spunderea penal\u0103.<\/li>\n<\/ul>\n<p>Fiecare document procedural din procesul penal are propriile sale caracteristici \u0219i presupune ac\u021biuni specifice. Acestea includ o soma\u021bie care urmeaz\u0103 s\u0103 fie convocat\u0103 pentru interogatoriu, o decizie de efectuare a unei perchezi\u021bii, sechestru, arestare, o decizie de a fi acuzat, o acuza\u021bie, o decizie a instan\u021bei privind re\u021binerea \u0219i altele.<\/p>\n<p>C\u00e2t de legal este un astfel de document \u0219i ce ac\u021biuni ar trebui s\u0103 \u00eentreprinde\u021bi? Avoca\u021bii <strong><em>\u201dK\u201d<\/em><\/strong> vor r\u0103spunde la aceste \u00eentreb\u0103ri. V\u0103 vom ajuta s\u0103 v\u0103 \u00een\u021belege\u021bi drepturile \u0219i obliga\u021biile, v\u0103 vom spune cum s\u0103 v\u0103 comporta\u021bi cu un ofi\u021ber \u0219i s\u0103 prevenim \u00eenc\u0103lcarea drepturilor dvs. legale, cum s\u0103 lua\u021bi pozi\u021bia corect\u0103 \u00een orice situa\u021bie, s\u0103 g\u0103si\u021bi defecte juridice \u00eentr-un document procedural, s\u0103 refuz\u0103m \u00een mod rezonabil \u00eendeplinirea cerin\u021belor ilegale \u0219i s\u0103 le contesta\u021bi.<\/p>\n<p>[\/et_pb_text][et_pb_button button_text=&#8221;Contacteaz\u0103-ne acum!&#8221; _builder_version=&#8221;4.4.6&#8243;][\/et_pb_button][\/et_pb_column][\/et_pb_row][\/et_pb_section]<\/p>\n","protected":false},"excerpt":{"rendered":"<p>[et_pb_section fb_built=&#8221;1&#8243; _builder_version=&#8221;4.4.6&#8243;][et_pb_row column_structure=&#8221;2_5,3_5&#8243; _builder_version=&#8221;4.4.6&#8243; saved_tabs=&#8221;all&#8221;][et_pb_column type=&#8221;2_5&#8243; _builder_version=&#8221;4.4.6&#8243;][et_pb_image src=&#8221;http:\/\/juristconsult.md\/wp-content\/uploads\/2021\/03\/13-drept-penal.jpg&#8221; title_text=&#8221;13 drept penal&#8221; _builder_version=&#8221;4.4.6&#8243; hover_enabled=&#8221;0&#8243; border_radii=&#8221;on|20px|20px|20px|20px&#8221; box_shadow_style=&#8221;preset3&#8243;][\/et_pb_image][\/et_pb_column][et_pb_column type=&#8221;3_5&#8243; _builder_version=&#8221;4.4.6&#8243;][et_pb_text _builder_version=&#8221;4.4.6&#8243; text_font=&#8221;||||||||&#8221; text_font_size=&#8221;18px&#8221; background_color=&#8221;rgba(0,0,0,0)&#8221; text_orientation=&#8221;justified&#8221; custom_margin=&#8221;||||false|false&#8221; animation_style=&#8221;slide&#8221; hover_enabled=&#8221;0&#8243;] DREPT PENAL \u00centr-un dosar penal, este extrem de important s\u0103 v\u0103 cunoa\u0219te\u021bi drepturile \u0219i obliga\u021biile, indiferent de statut. Ofi\u021berii de urm\u0103rire penal\u0103 au dreptul de a efectua interog\u0103ri, perchezi\u021bii, [&hellip;]<\/p>\n","protected":false},"author":1,"featured_media":0,"parent":0,"menu_order":0,"comment_status":"closed","ping_status":"closed","template":"","meta":{"_et_pb_use_builder":"on","_et_pb_old_content":"","_et_gb_content_width":"","footnotes":""},"class_list":["post-137","page","type-page","status-publish","hentry"],"_links":{"self":[{"href":"http:\/\/juristconsult.md\/index.php\/wp-json\/wp\/v2\/pages\/137","targetHints":{"allow":["GET"]}}],"collection":[{"href":"http:\/\/juristconsult.md\/index.php\/wp-json\/wp\/v2\/pages"}],"about":[{"href":"http:\/\/juristconsult.md\/index.php\/wp-json\/wp\/v2\/types\/page"}],"author":[{"embeddable":true,"href":"http:\/\/juristconsult.md\/index.php\/wp-json\/wp\/v2\/users\/1"}],"replies":[{"embeddable":true,"href":"http:\/\/juristconsult.md\/index.php\/wp-json\/wp\/v2\/comments?post=137"}],"version-history":[{"count":2,"href":"http:\/\/juristconsult.md\/index.php\/wp-json\/wp\/v2\/pages\/137\/revisions"}],"predecessor-version":[{"id":141,"href":"http:\/\/juristconsult.md\/index.php\/wp-json\/wp\/v2\/pages\/137\/revisions\/141"}],"wp:attachment":[{"href":"http:\/\/juristconsult.md\/index.php\/wp-json\/wp\/v2\/media?parent=137"}],"curies":[{"name":"wp","href":"https:\/\/api.w.org\/{rel}","templated":true}]}}