{"id":142,"date":"2021-03-18T15:58:25","date_gmt":"2021-03-18T15:58:25","guid":{"rendered":"http:\/\/juristconsult.md\/?page_id=142"},"modified":"2021-03-18T15:58:25","modified_gmt":"2021-03-18T15:58:25","slug":"14-legea-fiscala-2","status":"publish","type":"page","link":"http:\/\/juristconsult.md\/index.php\/14-legea-fiscala-2\/","title":{"rendered":"14. LEGEA FISCAL\u0102"},"content":{"rendered":"<p>[et_pb_section fb_built=&#8221;1&#8243; _builder_version=&#8221;4.4.6&#8243;][et_pb_row column_structure=&#8221;2_5,3_5&#8243; _builder_version=&#8221;4.4.6&#8243; saved_tabs=&#8221;all&#8221;][et_pb_column type=&#8221;2_5&#8243; _builder_version=&#8221;4.4.6&#8243;][et_pb_image src=&#8221;http:\/\/juristconsult.md\/wp-content\/uploads\/2021\/03\/14-legea-fiscala.jpg&#8221; title_text=&#8221;14 legea fiscala&#8221; _builder_version=&#8221;4.4.6&#8243; hover_enabled=&#8221;0&#8243; border_radii=&#8221;on|20px|20px|20px|20px&#8221; box_shadow_style=&#8221;preset3&#8243;][\/et_pb_image][\/et_pb_column][et_pb_column type=&#8221;3_5&#8243; _builder_version=&#8221;4.4.6&#8243;][et_pb_text _builder_version=&#8221;4.4.6&#8243; text_font=&#8221;||||||||&#8221; text_font_size=&#8221;18px&#8221; background_color=&#8221;rgba(0,0,0,0)&#8221; text_orientation=&#8221;justified&#8221; custom_margin=&#8221;||||false|false&#8221; animation_style=&#8221;slide&#8221; hover_enabled=&#8221;0&#8243;]<\/p>\n<h2><strong><em>LEGEA FISCAL\u0102<\/em><\/strong><\/h2>\n<p>Legisla\u021bia fiscal\u0103 a Republicii Moldova prevede plata diferitelor impozite pentru persoane fizice c\u00eet \u0219i juridice. Reclama\u021biile fiscale sunt adesea controversate sau chiar nerezonabile. Speciali\u0219tii <strong><em>\u201dK\u201d<\/em><\/strong> v\u0103 vor ajuta s\u0103 \u00een\u021belege\u021bi aplicarea legisla\u021biei fiscale, procedura de calcul al impozitelor \u0219i plata acestora, precum \u0219i rezolvarea problemelor controversate ap\u0103rute \u00een rela\u021biile cu autorit\u0103\u021bile fiscale.<\/p>\n<p>Cea mai frecvent\u0103 \u00eentrebare cu care suntem contacta\u021bi este legat\u0103 de declara\u021bia de impozit pe venit, inclusiv \u0219i din v\u00e2nzarea unui apartament, teren etc. Declararea unui astfel de venit din v\u00e2nzarea de apartamente \u0219i alte bunuri imobiliare este un proces obligatoriu \u0219i strict controlat de c\u0103tre stat.<\/p>\n<p>Dar exist\u0103 \u00eentotdeauna posibilitatea de a reduce impozitele pe v\u00e2nzarea propriet\u0103\u021bii. Nu to\u021bi contribuabilii de\u021bin astfel de complexit\u0103\u021bi ale legisla\u021biei fiscale, dar speciali\u0219tii <strong>\u201dK\u201d<\/strong> v\u0103 vor oferi informa\u021bii complete cu privire la aceast\u0103 problem\u0103 \u0219i v\u0103 vor ajuta s\u0103 economisi\u021bi banii.<\/p>\n<p>[\/et_pb_text][et_pb_button button_text=&#8221;Contacteaz\u0103-ne acum!&#8221; _builder_version=&#8221;4.4.6&#8243;][\/et_pb_button][\/et_pb_column][\/et_pb_row][\/et_pb_section]<\/p>\n","protected":false},"excerpt":{"rendered":"<p>[et_pb_section fb_built=&#8221;1&#8243; _builder_version=&#8221;4.4.6&#8243;][et_pb_row column_structure=&#8221;2_5,3_5&#8243; _builder_version=&#8221;4.4.6&#8243; saved_tabs=&#8221;all&#8221;][et_pb_column type=&#8221;2_5&#8243; _builder_version=&#8221;4.4.6&#8243;][et_pb_image src=&#8221;http:\/\/juristconsult.md\/wp-content\/uploads\/2021\/03\/14-legea-fiscala.jpg&#8221; title_text=&#8221;14 legea fiscala&#8221; _builder_version=&#8221;4.4.6&#8243; hover_enabled=&#8221;0&#8243; border_radii=&#8221;on|20px|20px|20px|20px&#8221; box_shadow_style=&#8221;preset3&#8243;][\/et_pb_image][\/et_pb_column][et_pb_column type=&#8221;3_5&#8243; _builder_version=&#8221;4.4.6&#8243;][et_pb_text _builder_version=&#8221;4.4.6&#8243; text_font=&#8221;||||||||&#8221; text_font_size=&#8221;18px&#8221; background_color=&#8221;rgba(0,0,0,0)&#8221; text_orientation=&#8221;justified&#8221; custom_margin=&#8221;||||false|false&#8221; animation_style=&#8221;slide&#8221; hover_enabled=&#8221;0&#8243;] LEGEA FISCAL\u0102 Legisla\u021bia fiscal\u0103 a Republicii Moldova prevede plata diferitelor impozite pentru persoane fizice c\u00eet \u0219i juridice. Reclama\u021biile fiscale sunt adesea controversate sau chiar nerezonabile. Speciali\u0219tii \u201dK\u201d v\u0103 vor [&hellip;]<\/p>\n","protected":false},"author":1,"featured_media":0,"parent":0,"menu_order":0,"comment_status":"closed","ping_status":"closed","template":"","meta":{"_et_pb_use_builder":"on","_et_pb_old_content":"","_et_gb_content_width":"","footnotes":""},"class_list":["post-142","page","type-page","status-publish","hentry"],"_links":{"self":[{"href":"http:\/\/juristconsult.md\/index.php\/wp-json\/wp\/v2\/pages\/142","targetHints":{"allow":["GET"]}}],"collection":[{"href":"http:\/\/juristconsult.md\/index.php\/wp-json\/wp\/v2\/pages"}],"about":[{"href":"http:\/\/juristconsult.md\/index.php\/wp-json\/wp\/v2\/types\/page"}],"author":[{"embeddable":true,"href":"http:\/\/juristconsult.md\/index.php\/wp-json\/wp\/v2\/users\/1"}],"replies":[{"embeddable":true,"href":"http:\/\/juristconsult.md\/index.php\/wp-json\/wp\/v2\/comments?post=142"}],"version-history":[{"count":2,"href":"http:\/\/juristconsult.md\/index.php\/wp-json\/wp\/v2\/pages\/142\/revisions"}],"predecessor-version":[{"id":146,"href":"http:\/\/juristconsult.md\/index.php\/wp-json\/wp\/v2\/pages\/142\/revisions\/146"}],"wp:attachment":[{"href":"http:\/\/juristconsult.md\/index.php\/wp-json\/wp\/v2\/media?parent=142"}],"curies":[{"name":"wp","href":"https:\/\/api.w.org\/{rel}","templated":true}]}}