{"id":168,"date":"2021-03-24T13:02:24","date_gmt":"2021-03-24T13:02:24","guid":{"rendered":"http:\/\/juristconsult.md\/?page_id=168"},"modified":"2021-03-30T13:24:53","modified_gmt":"2021-03-30T13:24:53","slug":"servicii","status":"publish","type":"page","link":"http:\/\/juristconsult.md\/index.php\/servicii\/","title":{"rendered":"Servicii"},"content":{"rendered":"\n[et_pb_section fb_built=&#8221;1&#8243; _builder_version=&#8221;4.4.6&#8243; global_module=&#8221;223&#8243; saved_tabs=&#8221;all&#8221;][et_pb_row column_structure=&#8221;1_4,1_4,1_4,1_4&#8243; _builder_version=&#8221;4.4.6&#8243;][et_pb_column type=&#8221;1_4&#8243; _builder_version=&#8221;4.4.6&#8243;][et_pb_blurb title=&#8221;CREDITE&#8221; url=&#8221;http:\/\/juristconsult.md\/index.php\/1-credite\/&#8221; image=&#8221;http:\/\/juristconsult.md\/wp-content\/uploads\/2021\/03\/1-credite.jpg&#8221; _builder_version=&#8221;4.4.6&#8243; background_color=&#8221;#f4f4f4&#8243; text_orientation=&#8221;center&#8221; custom_margin=&#8221;||||false|false&#8221; custom_padding=&#8221;10px|10px|10px|10px|true|true&#8221; border_radii=&#8221;on|10px|10px|10px|10px&#8221; box_shadow_style=&#8221;preset1&#8243;]<p><span>Principala cerin\u021b\u0103 a creditorilor \u00een rela\u021biile juridice de credit este rambursarea la timp a datoriilor, iar starea financiar\u0103 a debitorilor este o problem\u0103 cheie&#8230;<\/span><\/p>[\/et_pb_blurb][et_pb_blurb title=&#8221;TRANZAC\u021aII IMOBILIARE&#8221; url=&#8221;http:\/\/juristconsult.md\/index.php\/5-tranzactii-imobiliare-2\/&#8221; image=&#8221;http:\/\/juristconsult.md\/wp-content\/uploads\/2021\/03\/5-tranzactii-imobiliare-1.jpg&#8221; _builder_version=&#8221;4.4.6&#8243; text_orientation=&#8221;center&#8221; custom_margin=&#8221;||||false|false&#8221; custom_padding=&#8221;10px|10px|10px|10px|true|true&#8221; border_radii=&#8221;on|10px|10px|10px|10px&#8221; box_shadow_style=&#8221;preset1&#8243;]<p><span>Consulta\u021bia juridic\u0103 exact\u0103 \u0219i complet\u0103 este un serviciu util \u00een orice etap\u0103 a unei tranzac\u021bii imobiliare. La urma urmei, chiar \u0219i o simpl\u0103 gre\u0219eal\u0103 de eroare &#8230;<\/span><\/p>[\/et_pb_blurb][et_pb_blurb title=&#8221;LITIGII DE MUNC\u0102&#8221; url=&#8221;http:\/\/juristconsult.md\/index.php\/9-litigii-de-munca\/&#8221; image=&#8221;http:\/\/juristconsult.md\/wp-content\/uploads\/2021\/03\/9-litigii-de-munca-1.jpg&#8221; _builder_version=&#8221;4.4.6&#8243; background_color=&#8221;#f4f4f4&#8243; text_orientation=&#8221;center&#8221; custom_margin=&#8221;||||false|false&#8221; custom_padding=&#8221;10px|10px|10px|10px|true|true&#8221; border_radii=&#8221;on|10px|10px|10px|10px&#8221; box_shadow_style=&#8221;preset1&#8243;]<p><span>Pe parcursul muncii, pot ap\u0103rea diferite dezacorduri \u0219i conflicte \u00eentre angaja\u021bi \u0219i angajator, care sunt extrem de dificile sau imposibil de rezolvat pa\u0219nic&#8230;<\/span><\/p>[\/et_pb_blurb][\/et_pb_column][et_pb_column type=&#8221;1_4&#8243; _builder_version=&#8221;4.4.6&#8243;][et_pb_blurb title=&#8221;\u00ceNCASAREA DATORIILOR&#8221; url=&#8221;http:\/\/juristconsult.md\/index.php\/2-incasarea-datoriilor\/&#8221; image=&#8221;http:\/\/juristconsult.md\/wp-content\/uploads\/2021\/03\/2-incasare-datorii-1.jpg&#8221; _builder_version=&#8221;4.4.6&#8243; text_orientation=&#8221;center&#8221; custom_margin=&#8221;||||false|false&#8221; custom_padding=&#8221;10px|10px|10px|10px|true|true&#8221; border_radii=&#8221;on|10px|10px|10px|10px&#8221; box_shadow_style=&#8221;preset1&#8243;]<p><span>Cerin\u021ba de baz\u0103 \u00een acordarea unui \u00eemprumut fie prin semnarea unui contract la notar, \u00eentocmirea unei recipise sau acordarea unui \u00eemprumut f\u0103r\u0103 nici&#8230;<\/span><\/p>[\/et_pb_blurb][et_pb_blurb title=&#8221;LITIGII LOCATIVE&#8221; url=&#8221;http:\/\/juristconsult.md\/index.php\/6-litigii-locative-2\/&#8221; image=&#8221;http:\/\/juristconsult.md\/wp-content\/uploads\/2021\/03\/6-litigii-locative-1.jpg&#8221; _builder_version=&#8221;4.4.6&#8243; background_color=&#8221;#f4f4f4&#8243; text_orientation=&#8221;center&#8221; custom_margin=&#8221;||||false|false&#8221; custom_padding=&#8221;10px|10px|10px|10px|true|true&#8221; border_radii=&#8221;on|10px|10px|10px|10px&#8221; box_shadow_style=&#8221;preset1&#8243;]<p><span>Una dintre cele mai presante probleme care provoac\u0103 o mare cantitate de controverse este, desigur, domeniul rela\u021biilor legate de locuin\u021ba\u00a0<\/span><span>cet\u0103\u021benilor&#8230;<\/span><\/p>[\/et_pb_blurb][et_pb_blurb title=&#8221;ACCIDENTE RUTIERE&#8221; url=&#8221;http:\/\/juristconsult.md\/index.php\/10-accidente-rutiere-incalcarea-regulamentului-circulatiei-rutiere\/&#8221; image=&#8221;http:\/\/juristconsult.md\/wp-content\/uploads\/2021\/03\/10-accidentele-rutiere.jpg&#8221; _builder_version=&#8221;4.4.6&#8243; text_orientation=&#8221;center&#8221; custom_margin=&#8221;||||false|false&#8221; custom_padding=&#8221;10px|10px|10px|10px|true|true&#8221; border_radii=&#8221;on|10px|10px|10px|10px&#8221; box_shadow_style=&#8221;preset1&#8243;]<p><span>Acesta este un motiv bun pentru a v\u0103 consulta cu un avocat. Sfaturile sale v\u0103 vor ajuta s\u0103 v\u0103 comporta\u021bi corect cu ofi\u021berii poli\u021biei rutiere, pentru a minimaliza daunele&#8230;<\/span><\/p>[\/et_pb_blurb][et_pb_blurb title=&#8221;DREPT PENAL&#8221; url=&#8221;http:\/\/juristconsult.md\/index.php\/13-drept-penal-2\/&#8221; image=&#8221;http:\/\/juristconsult.md\/wp-content\/uploads\/2021\/03\/13-drept-penal-1.jpg&#8221; _builder_version=&#8221;4.4.6&#8243; background_color=&#8221;#f4f4f4&#8243; text_orientation=&#8221;center&#8221; custom_margin=&#8221;||||false|false&#8221; custom_padding=&#8221;10px|10px|10px|10px|true|true&#8221; border_radii=&#8221;on|10px|10px|10px|10px&#8221; box_shadow_style=&#8221;preset1&#8243;]<p><span>\u00centr-un dosar penal, este extrem de important s\u0103 v\u0103 cunoa\u0219te\u021bi drepturile \u0219i obliga\u021biile, indiferent de statut. Ofi\u021berii de urm\u0103rire penal\u0103 au dreptul de a efectua &#8230;<\/span><\/p>[\/et_pb_blurb][\/et_pb_column][et_pb_column type=&#8221;1_4&#8243; _builder_version=&#8221;4.4.6&#8243;][et_pb_blurb title=&#8221;APLANAREA CONFLICTELOR&#8221; url=&#8221;http:\/\/juristconsult.md\/index.php\/3-aplanarea-conflictelor\/&#8221; image=&#8221;http:\/\/juristconsult.md\/wp-content\/uploads\/2021\/03\/3-aplanarea-conflictelor.jpg&#8221; _builder_version=&#8221;4.4.6&#8243; header_line_height=&#8221;1.1em&#8221; background_color=&#8221;#f4f4f4&#8243; text_orientation=&#8221;center&#8221; custom_margin=&#8221;||||false|false&#8221; custom_padding=&#8221;10px|10px|10px|10px|true|true&#8221; border_radii=&#8221;on|10px|10px|10px|10px&#8221; box_shadow_style=&#8221;preset1&#8243;]<p><span>Fiecare persoan\u0103 dore\u0219te ca orice situa\u021bie nepl\u0103cut\u0103 s\u0103 fie clarificat\u0103 f\u0103r\u0103 a merge \u00een instan\u021ba, \u00eens\u0103 de obicei cealalt\u0103 parte parc\u0103 nu ne aude&#8230;.<\/span><\/p>[\/et_pb_blurb][et_pb_blurb title=&#8221;LITIGII FAMILIALE&#8221; url=&#8221;http:\/\/juristconsult.md\/index.php\/7-litigii-familiale\/&#8221; image=&#8221;http:\/\/juristconsult.md\/wp-content\/uploads\/2021\/03\/7-litigii-familiale.jpg&#8221; _builder_version=&#8221;4.4.6&#8243; text_orientation=&#8221;center&#8221; custom_margin=&#8221;||||false|false&#8221; custom_padding=&#8221;10px|10px|10px|10px|true|true&#8221; border_radii=&#8221;on|10px|10px|10px|10px&#8221; box_shadow_style=&#8221;preset1&#8243;]<p><span>Disputele de familie sunt dificile din punct de vedere emo\u021bional pentru participan\u021bi. Este greu s\u0103 r\u0103m\u00e2i rece \u0219i s\u0103 iei deciziile corecte atunci c\u00e2nd vine vorba de divor\u021b&#8230;<\/span><\/p>[\/et_pb_blurb][et_pb_blurb title=&#8221;ACTIVITATE ANTREPRENORIAL\u0102&#8221; url=&#8221;http:\/\/juristconsult.md\/index.php\/11-asistenta-juridica-lunara-a-activitatii-zilnice-a-companiei\/&#8221; image=&#8221;http:\/\/juristconsult.md\/wp-content\/uploads\/2021\/03\/11-activitatea-antreprenoriala.jpg&#8221; _builder_version=&#8221;4.4.6&#8243; header_line_height=&#8221;1.3em&#8221; background_color=&#8221;#f4f4f4&#8243; text_orientation=&#8221;center&#8221; custom_margin=&#8221;||||false|false&#8221; custom_padding=&#8221;10px|10px|10px|10px|true|true&#8221; border_radii=&#8221;on|10px|10px|10px|10px&#8221; box_shadow_style=&#8221;preset1&#8243;]<p><span>Sfera activit\u0103\u021bii antreprenoriale este reglementat\u0103 de legisla\u021bia civil\u0103, fiscal\u0103, muncii, funciar\u0103 \u0219i financiar\u0103 a Republicii Moldova. O astfel de &#8230;<\/span><\/p>[\/et_pb_blurb][et_pb_blurb title=&#8221;LEGEA FISCAL\u0102&#8221; url=&#8221;http:\/\/juristconsult.md\/index.php\/14-legea-fiscala-2\/&#8221; image=&#8221;http:\/\/juristconsult.md\/wp-content\/uploads\/2021\/03\/14-legea-fiscala-1.jpg&#8221; _builder_version=&#8221;4.4.6&#8243; text_orientation=&#8221;center&#8221; custom_margin=&#8221;||||false|false&#8221; custom_padding=&#8221;10px|10px|10px|10px|true|true&#8221; border_radii=&#8221;on|10px|10px|10px|10px&#8221; box_shadow_style=&#8221;preset1&#8243;]<p><span>Legisla\u021bia fiscal\u0103 a Republicii Moldova prevede plata diferitelor impozite pentru persoane fizice c\u00eet \u0219i juridice. Reclama\u021biile fiscale sunt adesea controversate sau&#8230;<\/span><\/p>[\/et_pb_blurb][\/et_pb_column][et_pb_column type=&#8221;1_4&#8243; _builder_version=&#8221;4.4.6&#8243;][et_pb_blurb title=&#8221;CONTRACTE&#8221; url=&#8221;http:\/\/juristconsult.md\/index.php\/4-contracte-2\/&#8221; image=&#8221;http:\/\/juristconsult.md\/wp-content\/uploads\/2021\/03\/4-contracte-1.jpg&#8221; _builder_version=&#8221;4.4.6&#8243; text_orientation=&#8221;center&#8221; custom_margin=&#8221;||||false|false&#8221; custom_padding=&#8221;10px|10px|10px|10px|true|true&#8221; border_radii=&#8221;on|10px|10px|10px|10px&#8221; box_shadow_style=&#8221;preset1&#8243;]<p><span>Orice tranzac\u021bie fie cu o persoan\u0103 juridic\u0103 fie persoan\u0103 fizic\u0103 este necesar de a i se da o form\u0103 juridic\u0103 \u0219i anume prin \u00eentocmirea unui contract.\u00a0\u00cencheierea&#8230;<\/span><\/p>[\/et_pb_blurb][et_pb_blurb title=&#8221;MO\u0218TENIREA&#8221; url=&#8221;http:\/\/juristconsult.md\/index.php\/8-mostenirea-2\/&#8221; image=&#8221;http:\/\/juristconsult.md\/wp-content\/uploads\/2021\/03\/8-mostenirea-1.jpg&#8221; _builder_version=&#8221;4.4.6&#8243; background_color=&#8221;#f4f4f4&#8243; text_orientation=&#8221;center&#8221; custom_margin=&#8221;||||false|false&#8221; custom_padding=&#8221;10px|10px|10px|10px|true|true&#8221; border_radii=&#8221;on|10px|10px|10px|10px&#8221; box_shadow_style=&#8221;preset1&#8243;]<p><span>Exist\u0103 o mul\u021bime de \u00eentreb\u0103ri care apar atunci c\u00e2nd se \u00eenregistreaz\u0103 o mo\u0219tenire pentru proprietate. Pentru ca procesul de mo\u0219tenire s\u0103 se desf\u0103\u0219oare f\u0103r\u0103 probleme&#8230;<\/span><\/p>[\/et_pb_blurb][et_pb_blurb title=&#8221;PROTEC\u021aIA CONSUMATORULUI&#8221; url=&#8221;http:\/\/juristconsult.md\/index.php\/12-protectia-consumatorului-2\/&#8221; image=&#8221;http:\/\/juristconsult.md\/wp-content\/uploads\/2021\/03\/protectia-consumatorului.jpg&#8221; _builder_version=&#8221;4.4.6&#8243; header_line_height=&#8221;1.1em&#8221; text_orientation=&#8221;center&#8221; custom_margin=&#8221;||||false|false&#8221; custom_padding=&#8221;10px|10px|10px|10px|true|true&#8221; border_radii=&#8221;on|10px|10px|10px|10px&#8221; box_shadow_style=&#8221;preset1&#8243;]<p><span>\u00cenc\u0103lcarea drepturilor consumatorilor este unul dintre cele mai presante subiecte de ast\u0103zi. Aproape \u00een fiecare zi, o persoan\u0103 se\u00a0 &#8230;<\/span><\/p>[\/et_pb_blurb][\/et_pb_column][\/et_pb_row][\/et_pb_section]\n","protected":false},"excerpt":{"rendered":"","protected":false},"author":1,"featured_media":0,"parent":0,"menu_order":0,"comment_status":"closed","ping_status":"closed","template":"","meta":{"_et_pb_use_builder":"on","_et_pb_old_content":"","_et_gb_content_width":"","footnotes":""},"class_list":["post-168","page","type-page","status-publish","hentry"],"_links":{"self":[{"href":"http:\/\/juristconsult.md\/index.php\/wp-json\/wp\/v2\/pages\/168","targetHints":{"allow":["GET"]}}],"collection":[{"href":"http:\/\/juristconsult.md\/index.php\/wp-json\/wp\/v2\/pages"}],"about":[{"href":"http:\/\/juristconsult.md\/index.php\/wp-json\/wp\/v2\/types\/page"}],"author":[{"embeddable":true,"href":"http:\/\/juristconsult.md\/index.php\/wp-json\/wp\/v2\/users\/1"}],"replies":[{"embeddable":true,"href":"http:\/\/juristconsult.md\/index.php\/wp-json\/wp\/v2\/comments?post=168"}],"version-history":[{"count":17,"href":"http:\/\/juristconsult.md\/index.php\/wp-json\/wp\/v2\/pages\/168\/revisions"}],"predecessor-version":[{"id":228,"href":"http:\/\/juristconsult.md\/index.php\/wp-json\/wp\/v2\/pages\/168\/revisions\/228"}],"wp:attachment":[{"href":"http:\/\/juristconsult.md\/index.php\/wp-json\/wp\/v2\/media?parent=168"}],"curies":[{"name":"wp","href":"https:\/\/api.w.org\/{rel}","templated":true}]}}