{"id":42,"date":"2021-03-18T13:50:02","date_gmt":"2021-03-18T13:50:02","guid":{"rendered":"http:\/\/juristconsult.md\/?page_id=42"},"modified":"2021-03-30T12:54:20","modified_gmt":"2021-03-30T12:54:20","slug":"1-credite","status":"publish","type":"page","link":"http:\/\/juristconsult.md\/index.php\/1-credite\/","title":{"rendered":"1. Credite"},"content":{"rendered":"<p>[et_pb_section fb_built=&#8221;1&#8243; _builder_version=&#8221;4.4.6&#8243; background_color=&#8221;#ffffff&#8221;][et_pb_row column_structure=&#8221;2_5,3_5&#8243; _builder_version=&#8221;4.4.6&#8243; saved_tabs=&#8221;all&#8221;][et_pb_column type=&#8221;2_5&#8243; _builder_version=&#8221;4.4.6&#8243;][et_pb_image src=&#8221;http:\/\/juristconsult.md\/wp-content\/uploads\/2021\/03\/1credite.jpg&#8221; title_text=&#8221;1credite&#8221; _builder_version=&#8221;4.4.6&#8243; border_radii=&#8221;on|20px|20px|20px|20px&#8221; box_shadow_style=&#8221;preset3&#8243;][\/et_pb_image][\/et_pb_column][et_pb_column type=&#8221;3_5&#8243; _builder_version=&#8221;4.4.6&#8243;][et_pb_text _builder_version=&#8221;4.4.6&#8243; text_font=&#8221;||||||||&#8221; text_font_size=&#8221;18px&#8221; background_color=&#8221;rgba(0,0,0,0)&#8221; text_orientation=&#8221;justified&#8221; custom_margin=&#8221;41px||41px||true|false&#8221; animation_style=&#8221;slide&#8221; hover_enabled=&#8221;0&#8243;]<\/p>\n<h2><strong><em>CREDITE<\/em><\/strong><strong>\u00a0<\/strong><\/h2>\n<p>Principala cerin\u021b\u0103 a creditorilor \u00een rela\u021biile juridice de credit este rambursarea la timp a datoriilor, iar starea financiar\u0103 a debitorilor este o problem\u0103 cheie.<\/p>\n<p>\u00cen acela\u0219i timp, unii clien\u021bi au nevoie de ajutor pentru ob\u021binerea unui \u00eemprumut, al\u021bii &#8211; pentru a ob\u021bine informa\u021bii detaliate despre cum s\u0103 achite datoriile de credit restante, iar cineva are nevoie de sfaturi pentru prevenirea problemelor cu creditorii.<\/p>\n<p>Avoca\u021bii \u201dK\u201d sunt specializa\u021bi \u00een rezolvarea conflictelor cu companiile de credit. Vom analiza condi\u021biile contractului de \u00eemprumut, vom recalcula datoria, vom verifica legalitatea crean\u021belor creditorului \u00eempotriva dvs., vom dezvolta o strategie de construire a rela\u021biilor cu acesta, vom preg\u0103ti documentele necesare pentru rezolvarea acestei probleme.<\/p>\n<p>[\/et_pb_text][et_pb_button button_text=&#8221;Contacteaz\u0103-ne acum!&#8221; _builder_version=&#8221;4.4.6&#8243;][\/et_pb_button][\/et_pb_column][\/et_pb_row][\/et_pb_section]<\/p>\n","protected":false},"excerpt":{"rendered":"<p>[et_pb_section fb_built=&#8221;1&#8243; _builder_version=&#8221;4.4.6&#8243; background_color=&#8221;#ffffff&#8221;][et_pb_row column_structure=&#8221;2_5,3_5&#8243; _builder_version=&#8221;4.4.6&#8243; saved_tabs=&#8221;all&#8221;][et_pb_column type=&#8221;2_5&#8243; _builder_version=&#8221;4.4.6&#8243;][et_pb_image src=&#8221;http:\/\/juristconsult.md\/wp-content\/uploads\/2021\/03\/1credite.jpg&#8221; title_text=&#8221;1credite&#8221; _builder_version=&#8221;4.4.6&#8243; border_radii=&#8221;on|20px|20px|20px|20px&#8221; box_shadow_style=&#8221;preset3&#8243;][\/et_pb_image][\/et_pb_column][et_pb_column type=&#8221;3_5&#8243; _builder_version=&#8221;4.4.6&#8243;][et_pb_text _builder_version=&#8221;4.4.6&#8243; text_font=&#8221;||||||||&#8221; text_font_size=&#8221;18px&#8221; background_color=&#8221;rgba(0,0,0,0)&#8221; text_orientation=&#8221;justified&#8221; custom_margin=&#8221;41px||41px||true|false&#8221; animation_style=&#8221;slide&#8221; hover_enabled=&#8221;0&#8243;] CREDITE\u00a0 Principala cerin\u021b\u0103 a creditorilor \u00een rela\u021biile juridice de credit este rambursarea la timp a datoriilor, iar starea financiar\u0103 a debitorilor este o problem\u0103 cheie. \u00cen acela\u0219i timp, unii clien\u021bi au [&hellip;]<\/p>\n","protected":false},"author":1,"featured_media":0,"parent":0,"menu_order":0,"comment_status":"closed","ping_status":"closed","template":"","meta":{"_et_pb_use_builder":"on","_et_pb_old_content":"","_et_gb_content_width":"","footnotes":""},"class_list":["post-42","page","type-page","status-publish","hentry"],"_links":{"self":[{"href":"http:\/\/juristconsult.md\/index.php\/wp-json\/wp\/v2\/pages\/42","targetHints":{"allow":["GET"]}}],"collection":[{"href":"http:\/\/juristconsult.md\/index.php\/wp-json\/wp\/v2\/pages"}],"about":[{"href":"http:\/\/juristconsult.md\/index.php\/wp-json\/wp\/v2\/types\/page"}],"author":[{"embeddable":true,"href":"http:\/\/juristconsult.md\/index.php\/wp-json\/wp\/v2\/users\/1"}],"replies":[{"embeddable":true,"href":"http:\/\/juristconsult.md\/index.php\/wp-json\/wp\/v2\/comments?post=42"}],"version-history":[{"count":10,"href":"http:\/\/juristconsult.md\/index.php\/wp-json\/wp\/v2\/pages\/42\/revisions"}],"predecessor-version":[{"id":79,"href":"http:\/\/juristconsult.md\/index.php\/wp-json\/wp\/v2\/pages\/42\/revisions\/79"}],"wp:attachment":[{"href":"http:\/\/juristconsult.md\/index.php\/wp-json\/wp\/v2\/media?parent=42"}],"curies":[{"name":"wp","href":"https:\/\/api.w.org\/{rel}","templated":true}]}}