{"id":80,"date":"2021-03-18T14:49:38","date_gmt":"2021-03-18T14:49:38","guid":{"rendered":"http:\/\/juristconsult.md\/?page_id=80"},"modified":"2021-03-18T15:16:56","modified_gmt":"2021-03-18T15:16:56","slug":"3-aplanarea-conflictelor","status":"publish","type":"page","link":"http:\/\/juristconsult.md\/index.php\/3-aplanarea-conflictelor\/","title":{"rendered":"3. APLANAREA CONFLICTELOR"},"content":{"rendered":"<p>[et_pb_section fb_built=&#8221;1&#8243; _builder_version=&#8221;4.4.6&#8243;][et_pb_row column_structure=&#8221;2_5,3_5&#8243; _builder_version=&#8221;4.4.6&#8243; hover_enabled=&#8221;0&#8243; saved_tabs=&#8221;all&#8221;][et_pb_column type=&#8221;2_5&#8243; _builder_version=&#8221;4.4.6&#8243;][et_pb_image src=&#8221;http:\/\/juristconsult.md\/wp-content\/uploads\/2021\/03\/mediere.jpg&#8221; title_text=&#8221;mediere&#8221; _builder_version=&#8221;4.4.6&#8243; hover_enabled=&#8221;0&#8243; border_radii=&#8221;on|20px|20px|20px|20px&#8221; box_shadow_style=&#8221;preset3&#8243;][\/et_pb_image][\/et_pb_column][et_pb_column type=&#8221;3_5&#8243; _builder_version=&#8221;4.4.6&#8243;][et_pb_text _builder_version=&#8221;4.4.6&#8243; text_font=&#8221;||||||||&#8221; text_font_size=&#8221;18px&#8221; background_color=&#8221;rgba(0,0,0,0)&#8221; text_orientation=&#8221;justified&#8221; custom_margin=&#8221;||||true|false&#8221; animation_style=&#8221;slide&#8221; hover_enabled=&#8221;0&#8243;]<\/p>\n<h2><strong><em>APLANAREA CONFLICTELOR<\/em> <\/strong><\/h2>\n<p>Fiecare persoan\u0103 dore\u0219te ca orice situa\u021bie nepl\u0103cut\u0103 s\u0103 fie clarificat\u0103 f\u0103r\u0103 a merge \u00een instan\u021ba, \u00eens\u0103 de obicei cealalt\u0103 parte parc\u0103 nu ne aude ce vorbim. \u00cen a\u0219a mod suntem nevoi\u021bi de a recurge la c\u0103i de atac pentru a rezolva situa\u021bia.<\/p>\n<p>Dar exist\u0103 o a treia persoan\u0103 care se nume\u0219te mediator \u0219i acesta v\u0103 ajut\u0103 s\u0103 clarifica\u021bi situa\u021bia\u00a0 \u00een mod tacticos analiz\u00eend situa\u021bia creat\u0103 \u0219i aleg\u00eend cea mai bun\u0103 cale pentru rezolvarea conflictului f\u0103r\u0103 a recurge la c\u0103ile instan\u021ba de judecat\u0103.<\/p>\n<p>[\/et_pb_text][et_pb_button button_text=&#8221;Contacteaz\u0103-ne acum!&#8221; _builder_version=&#8221;4.4.6&#8243;][\/et_pb_button][\/et_pb_column][\/et_pb_row][\/et_pb_section]<\/p>\n","protected":false},"excerpt":{"rendered":"<p>[et_pb_section fb_built=&#8221;1&#8243; _builder_version=&#8221;4.4.6&#8243;][et_pb_row column_structure=&#8221;2_5,3_5&#8243; _builder_version=&#8221;4.4.6&#8243; hover_enabled=&#8221;0&#8243; saved_tabs=&#8221;all&#8221;][et_pb_column type=&#8221;2_5&#8243; _builder_version=&#8221;4.4.6&#8243;][et_pb_image src=&#8221;http:\/\/juristconsult.md\/wp-content\/uploads\/2021\/03\/mediere.jpg&#8221; title_text=&#8221;mediere&#8221; _builder_version=&#8221;4.4.6&#8243; hover_enabled=&#8221;0&#8243; border_radii=&#8221;on|20px|20px|20px|20px&#8221; box_shadow_style=&#8221;preset3&#8243;][\/et_pb_image][\/et_pb_column][et_pb_column type=&#8221;3_5&#8243; _builder_version=&#8221;4.4.6&#8243;][et_pb_text _builder_version=&#8221;4.4.6&#8243; text_font=&#8221;||||||||&#8221; text_font_size=&#8221;18px&#8221; background_color=&#8221;rgba(0,0,0,0)&#8221; text_orientation=&#8221;justified&#8221; custom_margin=&#8221;||||true|false&#8221; animation_style=&#8221;slide&#8221; hover_enabled=&#8221;0&#8243;] APLANAREA CONFLICTELOR Fiecare persoan\u0103 dore\u0219te ca orice situa\u021bie nepl\u0103cut\u0103 s\u0103 fie clarificat\u0103 f\u0103r\u0103 a merge \u00een instan\u021ba, \u00eens\u0103 de obicei cealalt\u0103 parte parc\u0103 nu ne aude ce vorbim. \u00cen a\u0219a [&hellip;]<\/p>\n","protected":false},"author":1,"featured_media":0,"parent":0,"menu_order":0,"comment_status":"closed","ping_status":"closed","template":"","meta":{"_et_pb_use_builder":"on","_et_pb_old_content":"","_et_gb_content_width":"","footnotes":""},"class_list":["post-80","page","type-page","status-publish","hentry"],"_links":{"self":[{"href":"http:\/\/juristconsult.md\/index.php\/wp-json\/wp\/v2\/pages\/80","targetHints":{"allow":["GET"]}}],"collection":[{"href":"http:\/\/juristconsult.md\/index.php\/wp-json\/wp\/v2\/pages"}],"about":[{"href":"http:\/\/juristconsult.md\/index.php\/wp-json\/wp\/v2\/types\/page"}],"author":[{"embeddable":true,"href":"http:\/\/juristconsult.md\/index.php\/wp-json\/wp\/v2\/users\/1"}],"replies":[{"embeddable":true,"href":"http:\/\/juristconsult.md\/index.php\/wp-json\/wp\/v2\/comments?post=80"}],"version-history":[{"count":3,"href":"http:\/\/juristconsult.md\/index.php\/wp-json\/wp\/v2\/pages\/80\/revisions"}],"predecessor-version":[{"id":104,"href":"http:\/\/juristconsult.md\/index.php\/wp-json\/wp\/v2\/pages\/80\/revisions\/104"}],"wp:attachment":[{"href":"http:\/\/juristconsult.md\/index.php\/wp-json\/wp\/v2\/media?parent=80"}],"curies":[{"name":"wp","href":"https:\/\/api.w.org\/{rel}","templated":true}]}}