{"id":85,"date":"2021-03-18T14:54:50","date_gmt":"2021-03-18T14:54:50","guid":{"rendered":"http:\/\/juristconsult.md\/?page_id=85"},"modified":"2021-03-18T15:16:44","modified_gmt":"2021-03-18T15:16:44","slug":"4-contracte-2","status":"publish","type":"page","link":"http:\/\/juristconsult.md\/index.php\/4-contracte-2\/","title":{"rendered":"4. CONTRACTE"},"content":{"rendered":"\n[et_pb_section fb_built=&#8221;1&#8243; _builder_version=&#8221;4.4.6&#8243;][et_pb_row column_structure=&#8221;2_5,3_5&#8243; _builder_version=&#8221;4.4.6&#8243; saved_tabs=&#8221;all&#8221;][et_pb_column type=&#8221;2_5&#8243; _builder_version=&#8221;4.4.6&#8243;][et_pb_image src=&#8221;http:\/\/juristconsult.md\/wp-content\/uploads\/2021\/03\/4-contracte.jpg&#8221; title_text=&#8221;4 contracte&#8221; _builder_version=&#8221;4.4.6&#8243; hover_enabled=&#8221;0&#8243; border_radii=&#8221;on|20px|20px|20px|20px&#8221; box_shadow_style=&#8221;preset3&#8243;][\/et_pb_image][\/et_pb_column][et_pb_column type=&#8221;3_5&#8243; _builder_version=&#8221;4.4.6&#8243;][et_pb_text _builder_version=&#8221;4.4.6&#8243; text_font=&#8221;||||||||&#8221; text_font_size=&#8221;18px&#8221; background_color=&#8221;rgba(0,0,0,0)&#8221; text_orientation=&#8221;justified&#8221; custom_margin=&#8221;41px||41px||true|false&#8221; animation_style=&#8221;slide&#8221; hover_enabled=&#8221;0&#8243;]<h2><strong><em>CONTRACTE<\/em><\/strong><\/h2>\n<p>Orice tranzac\u021bie fie cu o persoan\u0103 juridic\u0103 fie persoan\u0103 fizic\u0103 este necesar de a i se da o form\u0103 juridic\u0103 \u0219i anume prin \u00eentocmirea unui contract.<\/p>\n<p>\u00cencheierea contractului este obligatorie pentru a evita ne\u00een\u021belegerile ulterioare la condi\u021biile negociate \u0219i de a avea posibilitatea de a demonstra neexecutarea condi\u021biilor convenite.<\/p>\n<p>Avoca\u021bii <strong><em>\u201eK\u201d<\/em><\/strong> v\u0103 vin \u00een ajutor cu \u00eentocmirea unui contract dup\u0103 condi\u021biile indicate de c\u0103tre p\u0103r\u021bi. Cu o consulta\u021bie juridic\u0103 referitor la condi\u021biile stipulate \u00eentr-un contract \u0219i cu participarea la semnarea contractelor.<\/p>\n[\/et_pb_text][et_pb_button button_text=&#8221;Contacteaz\u0103-ne acum!&#8221; _builder_version=&#8221;4.4.6&#8243;][\/et_pb_button][\/et_pb_column][\/et_pb_row][\/et_pb_section]\n","protected":false},"excerpt":{"rendered":"","protected":false},"author":1,"featured_media":0,"parent":0,"menu_order":0,"comment_status":"closed","ping_status":"closed","template":"","meta":{"_et_pb_use_builder":"on","_et_pb_old_content":"","_et_gb_content_width":"","footnotes":""},"class_list":["post-85","page","type-page","status-publish","hentry"],"_links":{"self":[{"href":"http:\/\/juristconsult.md\/index.php\/wp-json\/wp\/v2\/pages\/85","targetHints":{"allow":["GET"]}}],"collection":[{"href":"http:\/\/juristconsult.md\/index.php\/wp-json\/wp\/v2\/pages"}],"about":[{"href":"http:\/\/juristconsult.md\/index.php\/wp-json\/wp\/v2\/types\/page"}],"author":[{"embeddable":true,"href":"http:\/\/juristconsult.md\/index.php\/wp-json\/wp\/v2\/users\/1"}],"replies":[{"embeddable":true,"href":"http:\/\/juristconsult.md\/index.php\/wp-json\/wp\/v2\/comments?post=85"}],"version-history":[{"count":3,"href":"http:\/\/juristconsult.md\/index.php\/wp-json\/wp\/v2\/pages\/85\/revisions"}],"predecessor-version":[{"id":103,"href":"http:\/\/juristconsult.md\/index.php\/wp-json\/wp\/v2\/pages\/85\/revisions\/103"}],"wp:attachment":[{"href":"http:\/\/juristconsult.md\/index.php\/wp-json\/wp\/v2\/media?parent=85"}],"curies":[{"name":"wp","href":"https:\/\/api.w.org\/{rel}","templated":true}]}}