{"id":96,"date":"2021-03-18T15:15:43","date_gmt":"2021-03-18T15:15:43","guid":{"rendered":"http:\/\/juristconsult.md\/?page_id=96"},"modified":"2021-03-18T15:15:43","modified_gmt":"2021-03-18T15:15:43","slug":"6-litigii-locative-2","status":"publish","type":"page","link":"http:\/\/juristconsult.md\/index.php\/6-litigii-locative-2\/","title":{"rendered":"6. LITIGII LOCATIVE"},"content":{"rendered":"<p>[et_pb_section fb_built=&#8221;1&#8243; _builder_version=&#8221;4.4.6&#8243;][et_pb_row column_structure=&#8221;2_5,3_5&#8243; _builder_version=&#8221;4.4.6&#8243; saved_tabs=&#8221;all&#8221;][et_pb_column type=&#8221;2_5&#8243; _builder_version=&#8221;4.4.6&#8243;][et_pb_image src=&#8221;http:\/\/juristconsult.md\/wp-content\/uploads\/2021\/03\/6-litigii-locative.jpg&#8221; title_text=&#8221;6 litigii locative&#8221; _builder_version=&#8221;4.4.6&#8243; hover_enabled=&#8221;0&#8243; border_radii=&#8221;on|20px|20px|20px|20px&#8221; box_shadow_style=&#8221;preset3&#8243;][\/et_pb_image][\/et_pb_column][et_pb_column type=&#8221;3_5&#8243; _builder_version=&#8221;4.4.6&#8243;][et_pb_text _builder_version=&#8221;4.4.6&#8243; text_font=&#8221;||||||||&#8221; text_font_size=&#8221;18px&#8221; background_color=&#8221;rgba(0,0,0,0)&#8221; text_orientation=&#8221;justified&#8221; custom_margin=&#8221;||||true|false&#8221; animation_style=&#8221;slide&#8221; hover_enabled=&#8221;0&#8243;]<\/p>\n<h2><strong><em>LITIGII LOCATIVE<\/em> <\/strong><\/h2>\n<p>Una dintre cele mai presante probleme care provoac\u0103 o mare cantitate de controverse este, desigur, domeniul rela\u021biilor legate de locuin\u021ba cet\u0103\u021benilor. Confrunt\u00e2ndu-se cu numeroase probleme \u00een procesul de utilizare a unui apartament sau cas\u0103 pe un teren, proprietarul nu poate \u00eentotdeauna s\u0103-\u0219i dea seama \u0219i s\u0103 rezolve situa\u021bia \u00een care se afl\u0103 singur, \u0219i de foarte multe ori are nevoie de sfatul unui avocat profesionist.<\/p>\n<p>Avoca\u021bii <strong><em>\u201dK\u201d<\/em><\/strong> v\u0103 ajut\u0103 \u00een rezolvarea urm\u0103toarelor probleme:<\/p>\n<ul>\n<li>\u00eenregistrarea \u0219i radierea dreptului de proprietate la ASP Departamentul Cadastru; \u00a0<\/li>\n<li>tarife supraevaluate sau calcul incorect al costului serviciilor comunale;<\/li>\n<li>evacuarea chiria\u0219ului;<\/li>\n<li>contestarea evacu\u0103rii ilegale;<\/li>\n<li>replanificarea unui apartament;<\/li>\n<li>privatizarea locuin\u021belor;<\/li>\n<li>ne\u00een\u021belegeri \u00eentre proprietarii de case;<\/li>\n<li>\u00eemp\u0103r\u021birea locuin\u021belor comune;<\/li>\n<li>litigii cu vecinii;<\/li>\n<\/ul>\n<p>[\/et_pb_text][et_pb_button button_text=&#8221;Contacteaz\u0103-ne acum!&#8221; _builder_version=&#8221;4.4.6&#8243;][\/et_pb_button][\/et_pb_column][\/et_pb_row][\/et_pb_section]<\/p>\n","protected":false},"excerpt":{"rendered":"<p>[et_pb_section fb_built=&#8221;1&#8243; _builder_version=&#8221;4.4.6&#8243;][et_pb_row column_structure=&#8221;2_5,3_5&#8243; _builder_version=&#8221;4.4.6&#8243; saved_tabs=&#8221;all&#8221;][et_pb_column type=&#8221;2_5&#8243; _builder_version=&#8221;4.4.6&#8243;][et_pb_image src=&#8221;http:\/\/juristconsult.md\/wp-content\/uploads\/2021\/03\/6-litigii-locative.jpg&#8221; title_text=&#8221;6 litigii locative&#8221; _builder_version=&#8221;4.4.6&#8243; hover_enabled=&#8221;0&#8243; border_radii=&#8221;on|20px|20px|20px|20px&#8221; box_shadow_style=&#8221;preset3&#8243;][\/et_pb_image][\/et_pb_column][et_pb_column type=&#8221;3_5&#8243; _builder_version=&#8221;4.4.6&#8243;][et_pb_text _builder_version=&#8221;4.4.6&#8243; text_font=&#8221;||||||||&#8221; text_font_size=&#8221;18px&#8221; background_color=&#8221;rgba(0,0,0,0)&#8221; text_orientation=&#8221;justified&#8221; custom_margin=&#8221;||||true|false&#8221; animation_style=&#8221;slide&#8221; hover_enabled=&#8221;0&#8243;] LITIGII LOCATIVE Una dintre cele mai presante probleme care provoac\u0103 o mare cantitate de controverse este, desigur, domeniul rela\u021biilor legate de locuin\u021ba cet\u0103\u021benilor. Confrunt\u00e2ndu-se cu numeroase probleme \u00een procesul [&hellip;]<\/p>\n","protected":false},"author":1,"featured_media":0,"parent":0,"menu_order":0,"comment_status":"closed","ping_status":"closed","template":"","meta":{"_et_pb_use_builder":"on","_et_pb_old_content":"","_et_gb_content_width":"","footnotes":""},"class_list":["post-96","page","type-page","status-publish","hentry"],"_links":{"self":[{"href":"http:\/\/juristconsult.md\/index.php\/wp-json\/wp\/v2\/pages\/96","targetHints":{"allow":["GET"]}}],"collection":[{"href":"http:\/\/juristconsult.md\/index.php\/wp-json\/wp\/v2\/pages"}],"about":[{"href":"http:\/\/juristconsult.md\/index.php\/wp-json\/wp\/v2\/types\/page"}],"author":[{"embeddable":true,"href":"http:\/\/juristconsult.md\/index.php\/wp-json\/wp\/v2\/users\/1"}],"replies":[{"embeddable":true,"href":"http:\/\/juristconsult.md\/index.php\/wp-json\/wp\/v2\/comments?post=96"}],"version-history":[{"count":2,"href":"http:\/\/juristconsult.md\/index.php\/wp-json\/wp\/v2\/pages\/96\/revisions"}],"predecessor-version":[{"id":100,"href":"http:\/\/juristconsult.md\/index.php\/wp-json\/wp\/v2\/pages\/96\/revisions\/100"}],"wp:attachment":[{"href":"http:\/\/juristconsult.md\/index.php\/wp-json\/wp\/v2\/media?parent=96"}],"curies":[{"name":"wp","href":"https:\/\/api.w.org\/{rel}","templated":true}]}}